{"id":1561,"date":"2021-04-27T15:15:05","date_gmt":"2021-04-27T15:15:05","guid":{"rendered":"https:\/\/www.stdvrbl.com\/newdock\/aviso-legal\/"},"modified":"2024-02-28T14:23:04","modified_gmt":"2024-02-28T12:23:04","slug":"avertissement-legal","status":"publish","type":"page","link":"https:\/\/www.newdock.com\/fr\/avertissement-legal\/","title":{"rendered":"Avertissement l\u00e9gal"},"content":{"rendered":"<p>Nous vous informons que le responsable de ce site web est:<\/p>\n<p><strong>D\u00c9NOMINATION:<\/strong><br \/>\nNEWDOCK LP, S.L.U.<\/p>\n<p><strong>N.I.F. (NUM\u00c9RO D\u2019IDENTIFICATION FISCALE)<\/strong><br \/>\nB01834696<\/p>\n<p><strong>ADRESSE<\/strong><br \/>\nC\/Mar\u00eda de Molina 6, 5\u00ba planta, Madrid<\/p>\n<p><strong>COURRIEL DU RESPONSABLE DE LA PROTECTION DES DONN\u00c9ES<\/strong><br \/>\n<a href=\"mailto:lopd@newdock.com\" target=\"_blank\" rel=\"noopener\">lopd@newdock.com<\/a><\/p>\n<p><strong>INSCRIPTION AU REGISTRE DU COMMERCE<\/strong><br \/>\nInscrite au Registre du commerce de Madrid au volume 40.384, folio 33, page M-724.395.<br \/>\nCe nom de domaine ne peut pas \u00eatre utilis\u00e9 en lien avec d\u2019autres contenus, produits ou services qui n\u2019appartiennent pas \u00e0 l\u2019Entit\u00e9 ou d\u2019une mani\u00e8re susceptible d\u2019entra\u00eener une confusion chez les utilisateurs finaux ou de discr\u00e9diter l\u2019Entit\u00e9.<\/p>\n","protected":false},"excerpt":{"rendered":"<p>Nous vous informons que le responsable de ce site web est: D\u00c9NOMINATION: NEWDOCK LP, S.L.U. N.I.F. (NUM\u00c9RO D\u2019IDENTIFICATION FISCALE) B01834696 ADRESSE C\/Mar\u00eda de Molina 6, 5\u00ba planta, Madrid COURRIEL DU RESPONSABLE DE LA PROTECTION DES DONN\u00c9ES lopd@newdock.com INSCRIPTION AU REGISTRE DU COMMERCE Inscrite au Registre du commerce de Madrid au volume 40.384, folio 33, page&#8230;  <a href=\"https:\/\/www.newdock.com\/fr\/avertissement-legal\/\" title=\"Leer Avertissement l\u00e9gal\">Leer m\u00e1s &raquo;<\/a><\/p>\n","protected":false},"author":1,"featured_media":0,"parent":0,"menu_order":11,"comment_status":"closed","ping_status":"closed","template":"","meta":{"_acf_changed":false,"footnotes":""},"class_list":["post-1561","page","type-page","status-publish","hentry"],"acf":[],"yoast_head":"<!-- This site is optimized with the Yoast SEO plugin v27.3 - https:\/\/yoast.com\/product\/yoast-seo-wordpress\/ -->\n<title>Avertissement l\u00e9gal - Newdock<\/title>\n<meta name=\"robots\" content=\"noindex, follow\" \/>\n<meta property=\"og:locale\" content=\"fr_FR\" \/>\n<meta property=\"og:type\" content=\"article\" \/>\n<meta property=\"og:title\" content=\"Avertissement l\u00e9gal - Newdock\" \/>\n<meta property=\"og:description\" content=\"Nous vous informons que le responsable de ce site web est: D\u00c9NOMINATION: NEWDOCK LP, S.L.U. N.I.F. (NUM\u00c9RO D\u2019IDENTIFICATION FISCALE) B01834696 ADRESSE C\/Mar\u00eda de Molina 6, 5\u00ba planta, Madrid COURRIEL DU RESPONSABLE DE LA PROTECTION DES DONN\u00c9ES lopd@newdock.com INSCRIPTION AU REGISTRE DU COMMERCE Inscrite au Registre du commerce de Madrid au volume 40.384, folio 33, page... Leer m\u00e1s &raquo;\" \/>\n<meta property=\"og:url\" content=\"https:\/\/www.newdock.com\/fr\/avertissement-legal\/\" \/>\n<meta property=\"og:site_name\" content=\"Newdock\" \/>\n<meta property=\"article:modified_time\" content=\"2024-02-28T12:23:04+00:00\" \/>\n<meta name=\"twitter:card\" content=\"summary_large_image\" \/>\n<meta name=\"twitter:label1\" content=\"Dur\u00e9e de lecture estim\u00e9e\" \/>\n\t<meta name=\"twitter:data1\" content=\"1 minute\" \/>\n<script type=\"application\/ld+json\" class=\"yoast-schema-graph\">{\"@context\":\"https:\\\/\\\/schema.org\",\"@graph\":[{\"@type\":\"WebPage\",\"@id\":\"https:\\\/\\\/www.newdock.com\\\/fr\\\/avertissement-legal\\\/\",\"url\":\"https:\\\/\\\/www.newdock.com\\\/fr\\\/avertissement-legal\\\/\",\"name\":\"Avertissement l\u00e9gal - Newdock\",\"isPartOf\":{\"@id\":\"https:\\\/\\\/www.newdock.com\\\/fr\\\/#website\"},\"datePublished\":\"2021-04-27T15:15:05+00:00\",\"dateModified\":\"2024-02-28T12:23:04+00:00\",\"inLanguage\":\"fr-FR\",\"potentialAction\":[{\"@type\":\"ReadAction\",\"target\":[\"https:\\\/\\\/www.newdock.com\\\/fr\\\/avertissement-legal\\\/\"]}]},{\"@type\":\"WebSite\",\"@id\":\"https:\\\/\\\/www.newdock.com\\\/fr\\\/#website\",\"url\":\"https:\\\/\\\/www.newdock.com\\\/fr\\\/\",\"name\":\"Newdock\",\"description\":\"\",\"potentialAction\":[{\"@type\":\"SearchAction\",\"target\":{\"@type\":\"EntryPoint\",\"urlTemplate\":\"https:\\\/\\\/www.newdock.com\\\/fr\\\/?s={search_term_string}\"},\"query-input\":{\"@type\":\"PropertyValueSpecification\",\"valueRequired\":true,\"valueName\":\"search_term_string\"}}],\"inLanguage\":\"fr-FR\"}]}<\/script>\n<!-- \/ Yoast SEO plugin. -->","yoast_head_json":{"title":"Avertissement l\u00e9gal - Newdock","robots":{"index":"noindex","follow":"follow"},"og_locale":"fr_FR","og_type":"article","og_title":"Avertissement l\u00e9gal - Newdock","og_description":"Nous vous informons que le responsable de ce site web est: D\u00c9NOMINATION: NEWDOCK LP, S.L.U. N.I.F. (NUM\u00c9RO D\u2019IDENTIFICATION FISCALE) B01834696 ADRESSE C\/Mar\u00eda de Molina 6, 5\u00ba planta, Madrid COURRIEL DU RESPONSABLE DE LA PROTECTION DES DONN\u00c9ES lopd@newdock.com INSCRIPTION AU REGISTRE DU COMMERCE Inscrite au Registre du commerce de Madrid au volume 40.384, folio 33, page... Leer m\u00e1s &raquo;","og_url":"https:\/\/www.newdock.com\/fr\/avertissement-legal\/","og_site_name":"Newdock","article_modified_time":"2024-02-28T12:23:04+00:00","twitter_card":"summary_large_image","twitter_misc":{"Dur\u00e9e de lecture estim\u00e9e":"1 minute"},"schema":{"@context":"https:\/\/schema.org","@graph":[{"@type":"WebPage","@id":"https:\/\/www.newdock.com\/fr\/avertissement-legal\/","url":"https:\/\/www.newdock.com\/fr\/avertissement-legal\/","name":"Avertissement l\u00e9gal - Newdock","isPartOf":{"@id":"https:\/\/www.newdock.com\/fr\/#website"},"datePublished":"2021-04-27T15:15:05+00:00","dateModified":"2024-02-28T12:23:04+00:00","inLanguage":"fr-FR","potentialAction":[{"@type":"ReadAction","target":["https:\/\/www.newdock.com\/fr\/avertissement-legal\/"]}]},{"@type":"WebSite","@id":"https:\/\/www.newdock.com\/fr\/#website","url":"https:\/\/www.newdock.com\/fr\/","name":"Newdock","description":"","potentialAction":[{"@type":"SearchAction","target":{"@type":"EntryPoint","urlTemplate":"https:\/\/www.newdock.com\/fr\/?s={search_term_string}"},"query-input":{"@type":"PropertyValueSpecification","valueRequired":true,"valueName":"search_term_string"}}],"inLanguage":"fr-FR"}]}},"_links":{"self":[{"href":"https:\/\/www.newdock.com\/fr\/wp-json\/wp\/v2\/pages\/1561","targetHints":{"allow":["GET"]}}],"collection":[{"href":"https:\/\/www.newdock.com\/fr\/wp-json\/wp\/v2\/pages"}],"about":[{"href":"https:\/\/www.newdock.com\/fr\/wp-json\/wp\/v2\/types\/page"}],"author":[{"embeddable":true,"href":"https:\/\/www.newdock.com\/fr\/wp-json\/wp\/v2\/users\/1"}],"replies":[{"embeddable":true,"href":"https:\/\/www.newdock.com\/fr\/wp-json\/wp\/v2\/comments?post=1561"}],"version-history":[{"count":3,"href":"https:\/\/www.newdock.com\/fr\/wp-json\/wp\/v2\/pages\/1561\/revisions"}],"predecessor-version":[{"id":1584,"href":"https:\/\/www.newdock.com\/fr\/wp-json\/wp\/v2\/pages\/1561\/revisions\/1584"}],"wp:attachment":[{"href":"https:\/\/www.newdock.com\/fr\/wp-json\/wp\/v2\/media?parent=1561"}],"curies":[{"name":"wp","href":"https:\/\/api.w.org\/{rel}","templated":true}]}}