{"id":1573,"date":"2021-10-04T12:33:20","date_gmt":"2021-10-04T10:33:20","guid":{"rendered":"https:\/\/www.stdvrbl.com\/newdock\/politica-de-cookies\/"},"modified":"2024-02-28T14:23:16","modified_gmt":"2024-02-28T12:23:16","slug":"politique-de-cookies","status":"publish","type":"page","link":"https:\/\/www.newdock.com\/fr\/politique-de-cookies\/","title":{"rendered":"Politique de cookies"},"content":{"rendered":"<p><strong>1. Qu\u2019est-ce qu\u2019un cookie ?<\/strong><\/p>\n<p>Un cookie est un fichier qui est t\u00e9l\u00e9charg\u00e9 sur votre ordinateur ou votre dispositif mobile lorsque vous acc\u00e9dez \u00e0 certaines applications. Les cookies permettent \u00e0 un site web ou \u00e0 une application de stocker et de r\u00e9cup\u00e9rer des informations sur les habitudes de navigation d\u2019un utilisateur ou sur son dispositif et, en fonction des informations qu\u2019ils contiennent et de la mani\u00e8re dont le dispositif est utilis\u00e9, ils peuvent permettre de reconna\u00eetre l\u2019utilisateur. Les cookies ne contiennent aucune information personnelle sp\u00e9cifique et la plupart d\u2019entre eux sont effac\u00e9s du disque dur \u00e0 la fin de la session de navigation (cookies de session).<\/p>\n<p>La plupart des navigateurs acceptent les cookies standard et, ind\u00e9pendamment de ceux-ci, autorisent ou emp\u00eachent par le biais des param\u00e8tres de s\u00e9curit\u00e9 les cookies temporaires ou m\u00e9moris\u00e9s.<\/p>\n<p>&nbsp;<\/p>\n<p><strong>2. Pourquoi NEWDOCK utilise-t-elle des cookies ?<\/strong><\/p>\n<p>Nous utilisons des cookies dans le but d\u2019am\u00e9liorer votre exp\u00e9rience en tant qu\u2019utilisateur, et ils constituent donc un \u00e9l\u00e9ment important du fonctionnement de notre site web. Ils peuvent \u00eatre utilis\u00e9s, entre autres, pour enregistrer certains \u00e9l\u00e9ments de votre derni\u00e8re recherche afin d\u2019acc\u00e9l\u00e9rer les recherches ult\u00e9rieures.<\/p>\n<p>&nbsp;<\/p>\n<p><strong>3. Quelles sont les informations stock\u00e9es par un cookie ?<\/strong><\/p>\n<p>Les informations habituellement stock\u00e9es par un cookie ne sont pas consid\u00e9r\u00e9es comme des informations sensibles et ne comprennent pas de donn\u00e9es telles que les coordonn\u00e9es bancaires, l\u2019identit\u00e9 ou le courrier \u00e9lectronique. L\u2019utilisateur n\u2019est pas identifi\u00e9 personnellement mais associ\u00e9 par le serveur \u00e0 son navigateur web.<\/p>\n<p>&nbsp;<\/p>\n<p><strong>4. Quels sont les types de cookies qui peuvent \u00eatre utilis\u00e9s sur ce site web ?<\/strong><\/p>\n<p>&#8211; Cookies techniques : ce sont ceux qui permettent \u00e0 l\u2019utilisateur de naviguer sur un site, une plateforme ou une application et d\u2019utiliser les diff\u00e9rentes options ou services qui y figurent, comme par exemple le contr\u00f4le du trafic et de la communication des donn\u00e9es, l\u2019identification de la session, la consultation de sections \u00e0 acc\u00e8s restreint, la m\u00e9morisation des \u00e9l\u00e9ments d\u2019une commande, la r\u00e9alisation de la proc\u00e9dure d\u2019achat d\u2019une commande, la r\u00e9alisation d\u2019une demande d\u2019inscription ou de participation \u00e0 un \u00e9v\u00e9nement, l\u2019utilisation d\u2019\u00e9l\u00e9ments de s\u00e9curit\u00e9 pendant la navigation, le stockage de contenus pour la diffusion de vid\u00e9os ou de sons ou le partage de contenus sur les r\u00e9seaux sociaux.<\/p>\n<p>&#8211; Cookies de personnalisation : ces cookies permettent \u00e0 l\u2019utilisateur d\u2019acc\u00e9der au service avec certains param\u00e8tres g\u00e9n\u00e9raux pr\u00e9d\u00e9finis en fonction d\u2019une s\u00e9rie de crit\u00e8res propres au terminal de l\u2019utilisateur, tels que la langue, le type de navigateur utilis\u00e9 pour acc\u00e9der au service, la configuration r\u00e9gionale \u00e0 partir de laquelle on acc\u00e8de au service, etc.<\/p>\n<p>&#8211; Cookies de session : les cookies de session sont m\u00e9moris\u00e9s et ont une dur\u00e9e temporaire, jusqu\u2019\u00e0 ce que l\u2019utilisateur ach\u00e8ve sa navigation sur le site web. Ces cookies n\u2019enregistrent aucune information de mani\u00e8re permanente sur le disque dur de votre ordinateur.<\/p>\n<p>&#8211; Cookies de navigation : le principal objectif des cookies de navigation est d\u2019\u00e9viter de vous proposer des recommandations qui ne correspondent pas \u00e0 vos int\u00e9r\u00eats et de vous offrir des propositions commerciales cibl\u00e9es et personnalis\u00e9es. L\u2019utilit\u00e9 de ces cookies de navigation est fond\u00e9e sur le suivi temporaire de la navigation sur Internet.<\/p>\n<p>&#8211; Cookies d\u2019analyse : il s\u2019agit de cookies qui sont trait\u00e9s par nous-m\u00eames ou par des tiers, qui nous permettent de quantifier le nombre d\u2019utilisateurs et de proc\u00e9der ainsi \u00e0 la mesure et \u00e0 l\u2019analyse statistique de l\u2019usage fait par les utilisateurs du service offert. \u00c0 cet effet, votre navigation sur notre site est analys\u00e9e afin d\u2019am\u00e9liorer l\u2019offre de produits ou de services que nous proposons.<\/p>\n<p>&#8211; Cookies publicitaires : il s\u2019agit de cookies trait\u00e9s par nous-m\u00eames ou par des tiers, qui nous permettent de g\u00e9rer le plus efficacement possible l\u2019offre d\u2019espaces publicitaires sur le site, en adaptant le contenu de la publicit\u00e9 au contenu du service demand\u00e9 ou \u00e0 l\u2019utilisation que vous faites de notre site. \u00c0 cet effet, nous pouvons analyser vos habitudes de navigation sur Internet et vous pr\u00e9senter des publicit\u00e9s en rapport avec votre profil de navigation.<\/p>\n<p>&#8211; Cookies statistiques : il s\u2019agit de cookies trait\u00e9s par nous-m\u00eames ou par des tiers, qui nous permettent de quantifier le nombre d\u2019utilisateurs et de proc\u00e9der ainsi \u00e0 la mesure et \u00e0 l\u2019analyse statistique de l\u2019usage fait par les utilisateurs de notre service. \u00c0 cet effet, votre navigation sur notre site web est analys\u00e9e afin l\u2019offre la gamme de produits ou de services que nous proposons.<\/p>\n<p>&#8211; Cookies fonctionnels : ils sont n\u00e9cessaires pour afficher correctement le site web et garantir son bon fonctionnement. Il s\u2019agit de cookies qui am\u00e9liorent l\u2019exp\u00e9rience de navigation de l\u2019utilisateur sur le site.<\/p>\n<p>&nbsp;<\/p>\n<p><strong>5. En quoi consistent les cookies propres et les cookies tiers ?<\/strong><\/p>\n<p>&#8211; Cookies propres: ce sont ceux qui sont envoy\u00e9s \u00e0 l\u2019utilisateur \u00e0 partir d\u2019un dispositif ou d\u2019un domaine g\u00e9r\u00e9 par nous-m\u00eame.<\/p>\n<p>&#8211; Cookies tiers : il s\u2019agit de cookies g\u00e9n\u00e9r\u00e9s par des services ou des fournisseurs externes tels que Facebook, Twitter, Google, etc.<\/p>\n<p>&nbsp;<\/p>\n<p><strong>6. Quels sont les cookies utilis\u00e9s sur ce site web ?<\/strong><\/p>\n<table>\n<thead>\n<tr>\n<th>Type<\/th>\n<th>Nom<\/th>\n<th>Utilisation<\/th>\n<th>Expiration<\/th>\n<\/tr>\n<\/thead>\n<tbody>\n<tr>\n<td>technique<\/td>\n<td>moove_gdpr_popup<\/td>\n<td>N\u00e9cessaire pour contr\u00f4ler les pr\u00e9f\u00e9rences de l&rsquo;utilisateur en mati\u00e8re de cookies<\/td>\n<td>1 a\u00f1o<\/td>\n<\/tr>\n<tr>\n<td>technique<\/td>\n<td>wp-wpml_current_language<\/td>\n<td>N\u00e9cessaire pour contr\u00f4ler la version multilingue du site<\/td>\n<td>Session<\/td>\n<\/tr>\n<tr>\n<td>analytique<\/td>\n<td>_gat, _gid, _ga<\/td>\n<td>Cookies statistiques de Google Analytics<\/td>\n<td>_gat: 1 min<br \/>\n_ga: 2 ann\u00e9es<br \/>\n_gid: 24 h<\/td>\n<\/tr>\n<\/tbody>\n<\/table>\n<p><strong>7. Peut-on d\u00e9sactiver ou \u00e9liminer les cookies ?<\/strong><\/p>\n<p>Vous pouvez refuser \u00e0 tout moment le traitement des donn\u00e9es ou des informations collect\u00e9es par les cookies en configurant les options de votre navigateur Internet. Vous pouvez autoriser, bloquer (en g\u00e9n\u00e9ral ou pour un domaine sp\u00e9cifique) ou \u00e9liminer les cookies install\u00e9s sur votre ordinateur.<\/p>\n<p>Toutefois, cela pourrait emp\u00eacher une navigation optimale sur notre site web, car certaines fonctionnalit\u00e9s seraient d\u00e9sactiv\u00e9es et la visualisation de certains outils pourrait \u00eatre alt\u00e9r\u00e9e.<\/p>\n<p>Pour plus d\u2019informations sur Firefox, cliquez ici : <a href=\"http:\/\/support.mozilla.org\/es\/kb\/cookies-informacion-que-los-sitios-web-guardan-en-#w_configurar-las-cookies.\">http:\/\/support.mozilla.org\/es\/kb\/cookies-informacion-que-los-sitios-web-guardan-en-#w_configurar-las-cookies.<\/a><\/p>\n<p>Pour plus d\u2019informations sur Chrome, cliquez ici :<a href=\"http:\/\/support.google.com\/chrome\/bin\/answer.py?hl=es&amp;answer=95647.\"> http:\/\/support.google.com\/chrome\/bin\/answer.py?hl=es&amp;answer=95647.<\/a><\/p>\n<p>Pour plus d\u2019informations sur Explorer, cliquez ici : <a href=\"https:\/\/support.microsoft.com\/es-es\/help\/17442\/windows-internet-explorer-delete-manage-cookies\">https:\/\/support.microsoft.com\/es-es\/help\/17442\/windows-internet-explorer-delete-manage-cookies<\/a><\/p>\n<p>Pour plus d\u2019informations sur Safari, cliquez ici : <a href=\"http:\/\/support.apple.com\/kb\/ph5042.\">http:\/\/support.apple.com\/kb\/ph5042.<\/a><\/p>\n<p>Pour plus d\u2019informations sur Opera, cliquez ici : <a href=\"http:\/\/help.opera.com\/Windows\/11.50\/esES\/cookies.html.\">http:\/\/help.opera.com\/Windows\/11.50\/esES\/cookies.html.<\/a><\/p>\n<p>L\u2019utilisateur accepte express\u00e9ment, en utilisant ce site, le traitement des informations collect\u00e9es de la mani\u00e8re et aux fins mentionn\u00e9es. De m\u00eame, il reconna\u00eet la possibilit\u00e9 de s\u2019opposer au traitement des donn\u00e9es ou des informations en refusant l\u2019utilisation de cookies au moyen de la s\u00e9lection des param\u00e8tres ad\u00e9quats \u00e0 cet effet dans son navigateur. Toutefois, cette option de blocage des cookies dans son navigateur peut l\u2019emp\u00eacher d\u2019utiliser pleinement toutes les fonctionnalit\u00e9s du site.<\/p>\n","protected":false},"excerpt":{"rendered":"<p>1. Qu\u2019est-ce qu\u2019un cookie ? Un cookie est un fichier qui est t\u00e9l\u00e9charg\u00e9 sur votre ordinateur ou votre dispositif mobile lorsque vous acc\u00e9dez \u00e0 certaines applications. Les cookies permettent \u00e0 un site web ou \u00e0 une application de stocker et de r\u00e9cup\u00e9rer des informations sur les habitudes de navigation d\u2019un utilisateur ou sur son dispositif&#8230;  <a href=\"https:\/\/www.newdock.com\/fr\/politique-de-cookies\/\" title=\"Leer Politique de cookies\">Leer m\u00e1s &raquo;<\/a><\/p>\n","protected":false},"author":1,"featured_media":0,"parent":0,"menu_order":13,"comment_status":"closed","ping_status":"closed","template":"","meta":{"_acf_changed":false,"footnotes":""},"class_list":["post-1573","page","type-page","status-publish","hentry"],"acf":[],"yoast_head":"<!-- This site is optimized with the Yoast SEO plugin v27.3 - https:\/\/yoast.com\/product\/yoast-seo-wordpress\/ -->\n<title>Politique de cookies - Newdock<\/title>\n<meta name=\"robots\" content=\"noindex, follow\" \/>\n<meta property=\"og:locale\" content=\"fr_FR\" \/>\n<meta property=\"og:type\" content=\"article\" \/>\n<meta property=\"og:title\" content=\"Politique de cookies - Newdock\" \/>\n<meta property=\"og:description\" content=\"1. Qu\u2019est-ce qu\u2019un cookie ? Un cookie est un fichier qui est t\u00e9l\u00e9charg\u00e9 sur votre ordinateur ou votre dispositif mobile lorsque vous acc\u00e9dez \u00e0 certaines applications. Les cookies permettent \u00e0 un site web ou \u00e0 une application de stocker et de r\u00e9cup\u00e9rer des informations sur les habitudes de navigation d\u2019un utilisateur ou sur son dispositif... Leer m\u00e1s &raquo;\" \/>\n<meta property=\"og:url\" content=\"https:\/\/www.newdock.com\/fr\/politique-de-cookies\/\" \/>\n<meta property=\"og:site_name\" content=\"Newdock\" \/>\n<meta property=\"article:modified_time\" content=\"2024-02-28T12:23:16+00:00\" \/>\n<meta name=\"twitter:card\" content=\"summary_large_image\" \/>\n<meta name=\"twitter:label1\" content=\"Dur\u00e9e de lecture estim\u00e9e\" \/>\n\t<meta name=\"twitter:data1\" content=\"5 minutes\" \/>\n<script type=\"application\/ld+json\" class=\"yoast-schema-graph\">{\"@context\":\"https:\\\/\\\/schema.org\",\"@graph\":[{\"@type\":\"WebPage\",\"@id\":\"https:\\\/\\\/www.newdock.com\\\/fr\\\/politique-de-cookies\\\/\",\"url\":\"https:\\\/\\\/www.newdock.com\\\/fr\\\/politique-de-cookies\\\/\",\"name\":\"Politique de cookies - Newdock\",\"isPartOf\":{\"@id\":\"https:\\\/\\\/www.newdock.com\\\/fr\\\/#website\"},\"datePublished\":\"2021-10-04T10:33:20+00:00\",\"dateModified\":\"2024-02-28T12:23:16+00:00\",\"inLanguage\":\"fr-FR\",\"potentialAction\":[{\"@type\":\"ReadAction\",\"target\":[\"https:\\\/\\\/www.newdock.com\\\/fr\\\/politique-de-cookies\\\/\"]}]},{\"@type\":\"WebSite\",\"@id\":\"https:\\\/\\\/www.newdock.com\\\/fr\\\/#website\",\"url\":\"https:\\\/\\\/www.newdock.com\\\/fr\\\/\",\"name\":\"Newdock\",\"description\":\"\",\"potentialAction\":[{\"@type\":\"SearchAction\",\"target\":{\"@type\":\"EntryPoint\",\"urlTemplate\":\"https:\\\/\\\/www.newdock.com\\\/fr\\\/?s={search_term_string}\"},\"query-input\":{\"@type\":\"PropertyValueSpecification\",\"valueRequired\":true,\"valueName\":\"search_term_string\"}}],\"inLanguage\":\"fr-FR\"}]}<\/script>\n<!-- \/ Yoast SEO plugin. -->","yoast_head_json":{"title":"Politique de cookies - Newdock","robots":{"index":"noindex","follow":"follow"},"og_locale":"fr_FR","og_type":"article","og_title":"Politique de cookies - Newdock","og_description":"1. Qu\u2019est-ce qu\u2019un cookie ? Un cookie est un fichier qui est t\u00e9l\u00e9charg\u00e9 sur votre ordinateur ou votre dispositif mobile lorsque vous acc\u00e9dez \u00e0 certaines applications. Les cookies permettent \u00e0 un site web ou \u00e0 une application de stocker et de r\u00e9cup\u00e9rer des informations sur les habitudes de navigation d\u2019un utilisateur ou sur son dispositif... Leer m\u00e1s &raquo;","og_url":"https:\/\/www.newdock.com\/fr\/politique-de-cookies\/","og_site_name":"Newdock","article_modified_time":"2024-02-28T12:23:16+00:00","twitter_card":"summary_large_image","twitter_misc":{"Dur\u00e9e de lecture estim\u00e9e":"5 minutes"},"schema":{"@context":"https:\/\/schema.org","@graph":[{"@type":"WebPage","@id":"https:\/\/www.newdock.com\/fr\/politique-de-cookies\/","url":"https:\/\/www.newdock.com\/fr\/politique-de-cookies\/","name":"Politique de cookies - Newdock","isPartOf":{"@id":"https:\/\/www.newdock.com\/fr\/#website"},"datePublished":"2021-10-04T10:33:20+00:00","dateModified":"2024-02-28T12:23:16+00:00","inLanguage":"fr-FR","potentialAction":[{"@type":"ReadAction","target":["https:\/\/www.newdock.com\/fr\/politique-de-cookies\/"]}]},{"@type":"WebSite","@id":"https:\/\/www.newdock.com\/fr\/#website","url":"https:\/\/www.newdock.com\/fr\/","name":"Newdock","description":"","potentialAction":[{"@type":"SearchAction","target":{"@type":"EntryPoint","urlTemplate":"https:\/\/www.newdock.com\/fr\/?s={search_term_string}"},"query-input":{"@type":"PropertyValueSpecification","valueRequired":true,"valueName":"search_term_string"}}],"inLanguage":"fr-FR"}]}},"_links":{"self":[{"href":"https:\/\/www.newdock.com\/fr\/wp-json\/wp\/v2\/pages\/1573","targetHints":{"allow":["GET"]}}],"collection":[{"href":"https:\/\/www.newdock.com\/fr\/wp-json\/wp\/v2\/pages"}],"about":[{"href":"https:\/\/www.newdock.com\/fr\/wp-json\/wp\/v2\/types\/page"}],"author":[{"embeddable":true,"href":"https:\/\/www.newdock.com\/fr\/wp-json\/wp\/v2\/users\/1"}],"replies":[{"embeddable":true,"href":"https:\/\/www.newdock.com\/fr\/wp-json\/wp\/v2\/comments?post=1573"}],"version-history":[{"count":5,"href":"https:\/\/www.newdock.com\/fr\/wp-json\/wp\/v2\/pages\/1573\/revisions"}],"predecessor-version":[{"id":1977,"href":"https:\/\/www.newdock.com\/fr\/wp-json\/wp\/v2\/pages\/1573\/revisions\/1977"}],"wp:attachment":[{"href":"https:\/\/www.newdock.com\/fr\/wp-json\/wp\/v2\/media?parent=1573"}],"curies":[{"name":"wp","href":"https:\/\/api.w.org\/{rel}","templated":true}]}}