{"id":1565,"date":"2021-04-27T10:09:50","date_gmt":"2021-04-27T10:09:50","guid":{"rendered":"https:\/\/www.stdvrbl.com\/newdock\/politica-privacidad\/"},"modified":"2024-07-05T12:59:15","modified_gmt":"2024-07-05T10:59:15","slug":"informativa-sulla-privacy","status":"publish","type":"page","link":"https:\/\/www.newdock.com\/it\/informativa-sulla-privacy\/","title":{"rendered":"Informativa sulla privacy"},"content":{"rendered":"<h3><strong>1. Qual \u00e8 l\u2019ambito di applicazione della presente informativa?<\/strong><\/h3>\n<p>NEWDOCK LP, S.L.U.\u00a0 (d\u2019ora in avanti, \u00abNEWDOCK\u00bb) si impegna a tutelare la privacy dei suoi clienti e degli utenti che accedono al nostro sito internet (d\u2019ora in avanti, il sito).<\/p>\n<p>I contenuti del sito sono di propriet\u00e0 o sono operati, autorizzati o controllati da NEWDOCK.<\/p>\n<p>L\u2019utilizzo di questo sito attribuisce agli individui che vi accedono la condizione di utente (d\u2019ora in avanti l\u2019\u201dutente\u201d).<\/p>\n<p>L\u2019utente per accedere all\u2019uso del sito non \u00e8 obbligato a registrarvisi.<\/p>\n<p>L\u2019utente pu\u00f2 navigare e usare il sito senza bisogno di fornire nessun dato di carattere personale. Gli unici dati personali ai quali NEWDOCK avr\u00e0 accesso saranno quelli forniti dall\u2019utente volontariamente attraverso i moduli contenuti sul sito internet o qualora contattasse con NEWDOCK via posta elettronica o in qualunque altro modo previsto dal sito.<\/p>\n<p>Se si raccolgono i dati personali tramite i cookie, si informer\u00e0 debitamente attraverso l\u2019Informativa sui cookie, nonch\u00e9 attraverso i canali richiesti dalla legislazione vigente.<\/p>\n<p>Questo documento indica il modo in cui NEWDOCK utilizza i dati personali dell\u2019utente raccolti attraverso i nostri siti o dispositivi ausiliari come cellulari o tablet, nonch\u00e9 i diritti dell\u2019utente in merito al trattamento dei suoi dati personali. Inoltre, l\u2019utilizzo del sito comporta l\u2019accettazione da parte dell\u2019utente delle disposizioni contenute nella presente Informativa sulla privacy e che i suoi dati personali saranno trattati secondo quanto ivi stabilito.<\/p>\n<p>Si prega di tener presente che nonostante possano esistere vincoli nel nostro sito ad altri siti, questa Informativa sulla privacy si applica solo a questa e non ad altre societ\u00e0 o organizzazioni cui pu\u00f2 venir reindirizzata. NEWDOCK non controlla n\u00e9 approva il contenuto dei siti di terzi n\u00e9 accetta responsabilit\u00e0 derivanti dal contenuto o dalle informative sulla privacy di siti di terzi.<\/p>\n<p>In adempimento di quanto stabilito dal Regolamento (UE) 2016\/679 DEL PARLAMENTO EUROPEO E DEL CONSIGLIO del 27 aprile 2016 relativo alla protezione delle persone fisiche in merito al trattamento dei dati personali e alla libera circolazione di tali dati e alla Legge Organica 3\/2018 del 5 dicembre, sulla Protezione dei dati personali e garanzia dei diritti digitali, nonch\u00e9 ai sensi della normativa in vigore procediamo a informare sugli estremi indicati di seguito:<\/p>\n<p>&nbsp;<\/p>\n<h3><strong>2. Chi \u00e8 il titolare del trattamento dei dati?<\/strong><\/h3>\n<p>Il titolare del trattamento dei dati personali \u00e8:<\/p>\n<p>NEWDOCK LP, S.L.U.<br \/>\nC.F.\u00a0 B01834696<br \/>\nSede: Calle Mar\u00eda de Molina 6, 5\u00aa planta, Madrid<br \/>\nE-mail: <a href=\"mailto:lopd@newdock.com\" target=\"_blank\" rel=\"noopener\">lopd@newdock.com<\/a><br \/>\nIscrizione Registro Imprese: Iscritta nel Registro Imprese di Madrid al tomo 40.384, foglio 33. Pagina M-724.395<\/p>\n<p>&nbsp;<\/p>\n<h3><strong>3. Che tipo di dati sono soggetti al trattamento?<\/strong><\/h3>\n<p>L\u2019utente pu\u00f2 fornire i seguenti dati di contatto compilando il modulo di contatto: Nome, cognome, posta elettronica, telefono, azienda.<\/p>\n<p>&nbsp;<\/p>\n<h3><strong>4. Come ricaviamo i dati?<\/strong><\/h3>\n<p>Tratteremo i dati forniti dall\u2019utente direttamente nel corso dell\u2019interazione con NEWDOCK\u00a0 o tramite qualunque altro mezzo come conseguenza dell\u2019accesso e uso del sito internet (quali cookie e altre tecnologie di analisi o tracciamento che possano essere utilizzate per raccogliere determinate informazioni mentre visita il nostro sito internet su [&#8230;] o i siti di terzi cui pu\u00f2 venire eventualmente reindirizzato, o quelli cui acceda per comunicargli i nostri prodotti o servizi). Per ottenere ulteriori informazioni sui nostri strumenti di raccolta automatica, consultare la nostra informativa sui cookie.<\/p>\n<p>&nbsp;<\/p>\n<h3><strong>5. Quali sono le finalit\u00e0 del trattamento dei dati personali?<\/strong><\/h3>\n<p>NEWDOCK tratter\u00e0 i dati personali in modo lecito, leale, trasparente, adeguato, pertinente, limitato, esatto e aggiornato per i seguenti fini:<\/p>\n<p>FINALIT\u00c0: Seguire e risolvere le richieste dell\u2019utente e altre che possa presentare tramite posta elettronica di contatto del nostro sito internet. Trattamento dei dati per fini statistici, per migliorare la qualit\u00e0 dei servizi prestati.<\/p>\n<p>BASE GIURIDICA PER IL TRATTAMENTO DEI DATI: Consenso espresso nella misura in cui l\u2019utente acconsenta espressamente indicandolo segnando la casella corrispondente. Nel caso in cui la richiesta fosse relativa all\u2019esercizio dei diritti, la nostra legittimazione sar\u00e0 l\u2019adempimento di un\u2019obbligazione legale. Interesse legittimo, giacch\u00e9 mediante queste statistiche possiamo migliorare il sito fornendo una qualit\u00e0 superiore.<\/p>\n<p>&nbsp;<\/p>\n<h3><strong>6. Si adotteranno decisioni automatizzate?<\/strong><\/h3>\n<p>Non prendiamo decisioni automatizzate in base a profili, fatta eccezione per la personalizzazione di pubblicit\u00e0 e per la prevenzione della frode su internet.<\/p>\n<p>Con le informazioni raccolte sulle preferenze dell\u2019utente in base alle sue attivit\u00e0 quanto utilizza il nostro sito internet e creiamo un profilo utente per personalizzare e promuovere la qualit\u00e0 della nostra comunicazione e interazione con lui. La logica delle nostre attivit\u00e0 di creazione di profili \u00e8 quella di identificare aree che possano essere utili o d\u2019interesse per l\u2019utente e di informarlo su tali aree in modo pi\u00f9 efficace e specifico.\u00a0 Gli algoritmi utilizzati applicano questa logica e gli consegnano automaticamente il contenuto o le informazioni orientate.<\/p>\n<p>Ai sensi del Regolamento Generale sulla Protezione dei Dati (articolo 21, (2)), l\u2019utente ha diritto a opporsi all\u2019uso dei suoi dati personali per fini di marketing diretto, compresa l\u2019elaborazione di profili descritta in precedenza. Si prega di consultare la sezione \u00abI diritti di protezione dei dati dell\u2019utente\u00bb per ottenere ulteriori informazioni sui suoi diritti e su come esercitarli.<\/p>\n<p>&nbsp;<\/p>\n<h3><strong>7. Per quanto tempo saranno conservati i dati?<\/strong><\/h3>\n<p>Il termine di conservazione dei dati personali sar\u00e0 quello del tempo di prestazione dei servizi e quello atto all\u2019adempimento delle obbligazioni legali. In ogni caso, le informazioni raccolte dai nostri cookie saranno conservate per il periodo indicato nella relativa Informativa.<\/p>\n<p>&nbsp;<\/p>\n<h3><strong>8. Si cedono i dati personali a terzi?<\/strong><\/h3>\n<p>Le informazioni relative ai nostri utenti sono molto importanti per noi, pertanto cederemo i dati soltanto ai fini indicati.\u00a0 Fermo restando quanto esposto e nel caso in cui debbano essere ceduti a collettivi o persone non menzionate nel presente paragrafo, informeremo l\u2019utente con il dovuto anticipo per consentirgli di opporsi a tale cessione.<\/p>\n<p>In tal senso informiamo che i suoi dati potranno essere ceduti a:<\/p>\n<p>&#8211; altre societ\u00e0 del gruppo [Goldman Sachs] di tutto il mondo, a patto che sia necessari ai fini permessi e legalmente consentito.\u00a0 In tali casi queste societ\u00e0 utilizzeranno i dati personali agli stessi fini e alle stesse condizioni descritte in questo Avviso sulla Privacy dei Dati.<\/p>\n<p>&#8211; in particolare cediamo i suoi dati a MICROSOFT come hosting. \u00c8 possibile consultare ulteriori dettagli della sua informativa sulla privacy sul seguente link: <a href=\"https:\/\/privacy.microsoft.com\/es-es\/privacystatement.\" target=\"_blank\" rel=\"noopener\">https:\/\/privacy.microsoft.com\/es-es\/privacystatement.<\/a><\/p>\n<p>&#8211; Responsabili del trattamento necessari alla prestazione del servizio con cui abbiamo firmato un contratto di fornitura di servizi che li obbliga a rispettare debitamente la riservatezza e alcune misure di sicurezza.<\/p>\n<p>&#8211; Autorit\u00e0 o altri terzi in quei casi dove la legge lo richieda o nel contesto di procedimenti legali.<\/p>\n<p>&nbsp;<\/p>\n<h3><strong>9. Ci sono trasferimenti internazionali di dati?<\/strong><\/h3>\n<p>NEWDOCK appartiene a un gruppo di imprese su scala internazionale. Nel corso delle nostre attivit\u00e0 commerciali possiamo trasferire i suoi dati personali anche ai destinatari in paesi fuori dallo Spazio Economico Europeo (\u00abpaesi terzi\u00bb), in cui la legislazione applicabile non offre lo stesso livello di protezione dei dati di quello del suo paese d\u2019origine. Nel farlo rispetteremo i requisiti di protezione dei dati applicabili e prenderemo le adeguate misure di protezione atte a garantire la sicurezza e integrit\u00e0 dei dati personali dell\u2019utente, in particolare mediante la sottoscrizione delle clausole contrattuali tipo della UE qui disponibili<\/p>\n<p><a href=\"https:\/\/eur-lex.europa.eu\/legal-content\/EN\/TXT\/PDF\/?uri=CELEX:32010D0087&amp;from=ES\" target=\"_blank\" rel=\"noopener\">https:\/\/eur-lex.europa.eu\/legal-content\/EN\/TXT\/PDF\/?uri=CELEX:32010D0087&amp;from=ES<\/a><\/p>\n<p>&nbsp;<\/p>\n<h3><strong>10. Quali sono i diritti dell\u2019utente quando ci fornisce i suoi dati?<\/strong><\/h3>\n<p>L&#8217;utente pu\u00f2 esercitare i propri diritti di rettifica, limitazione del trattamento, cancellazione, opposizione e il diritto di non essere sottoposto a decisioni individuali automatizzate, inviando una richiesta scritta firmata e con identificazione certa a NEWDOCK LP, S.L.U., all&#8217;indirizzo sopra indicato o contattando l&#8217;indirizzo e-mail <a href=\"mailto:lopd@newdock.com\">lopd@newdock.com<\/a>. Se l&#8217;identificazione corretta o sicura dell&#8217;utente non \u00e8 possibile, pu\u00f2 essere richiesta una copia di un documento di identificazione.<\/p>\n<p>Possiamo richiedere una prova aggiuntiva di identit\u00e0 al fine di proteggere i dati personali dell\u2019utente dall\u2019accesso non autorizzato. Studieremo rigorosamente la sua richiesta e potremo discutere con lui sul miglior modo di soddisfarla.<\/p>\n<p>L\u2019esercizio di questi diritti \u00e8 gratuito a meno che non si formulino richieste infondate o eccessive, nel cui caso l\u2019utente assumer\u00e0 il costo dell\u2019invio della richiesta.<\/p>\n<p>Per eventuali dubbi su come trattiamo i dati personali o se si vuol presentare un reclamo su come abbiamo trattato i dati personali, \u00e8 possibile rivolgersi a noi scrivendo all\u2019indirizzo sopra indicato.\u00a0 Se non \u00e8 soddisfatto della nostra risposta o ritiene che i suoi diritti non siano stati debitamente rispettati, ha il diritto di presentare un reclamo all\u2019Agencia Espa\u00f1ola de Protecci\u00f3n de Datos, su <a href=\"http:\/\/www.aepd.es\" target=\"_blank\" rel=\"noopener\">www.aepd.es<\/a><\/p>\n<p>&nbsp;<\/p>\n<h3><strong>11. Cosa succede se l\u2019utente \u00e8 minore di 14 anni?<\/strong><\/h3>\n<p>Se ha meno di 14 anni, l\u2019utente dovr\u00e0 ottenere il permesso dei suoi genitori o tutori prima di fornirci i suoi dati personali.\u00a0 I minori di 14 anni non possono fornirci i loro dati personali senza tale consenso. Tuttavia, Newdock non tratta dati di minori.<\/p>\n<p>&nbsp;<\/p>\n<h3><strong>12. Social network<\/strong><\/h3>\n<p>Inoltre, NEWDOCK pu\u00f2 far uso dei social network come Instagram, Facebook e Twitter. Per ulteriori informazioni si queste reti consultare le rispettive Informativa sulla privacy ai seguenti link:<\/p>\n<p>\u2013 Twitter: <a href=\"https:\/\/help.twitter.com\/es\/rules-and-policies\/update-privacy-policy\" target=\"_blank\" rel=\"noopener\">https:\/\/help.twitter.com\/es\/rules-and-policies\/update-privacy-policy<\/a><\/p>\n<p>\u2013 Facebook: <a href=\"https:\/\/www.facebook.com\/privacy\/explanation\" target=\"_blank\" rel=\"noopener\">https:\/\/www.facebook.com\/privacy\/explanation<\/a><\/p>\n<p>\u2013 Instagram: <a href=\"https:\/\/myshadow.org\/es\/lost-in-small-print\/instagrams-privacy-policy\" target=\"_blank\" rel=\"noopener\">https:\/\/myshadow.org\/es\/lost-in-small-print\/instagrams-privacy-policy<\/a><\/p>\n<p>&nbsp;<\/p>\n<h3><strong>13. Come proteggiamo i suoi dati personali?<\/strong><\/h3>\n<p>NEWDOCK informa che ha adottato le misure tecniche e organizzative atte a mantenere il livello di sicurezza richiesto in quanto ai dati personali trattati e ha altres\u00ec instaurato i meccanismi necessari a evitare per quanto possibile gli accessi non autorizzati, le sottrazioni, le modifiche illecite e le perdite di dati.<\/p>\n<p>Applichiamo sistemi di sicurezza fisici, elettronici e procedure relative alla raccolta, alla conservazione e alla divulgazione delle informazioni personali dell\u2019utente.<\/p>\n<p>In adempimento della normativa in vigore, NEWDOCK si impegna a osservare il suo obbligo di segretezza in merito ai dati di carattere personale che l\u2019utente ci fornisce nel corso della sua navigazione nel presente sito internet e del suo dovere di conservarli in riservatezza.<\/p>\n<p>Nei casi di violazione della sicurezza dei dati personali con un inerente rischio per i diritti degli utenti, NEWDOCK prender\u00e0 le misure necessarie per porre rimedio alla situazione e mitigare gli eventuali effetti negativi che tale violazione possa aver provocato.<\/p>\n<p>&nbsp;<\/p>\n<h3><strong>14. Che cookie utilizziamo?<\/strong><\/h3>\n<p>Ferma restando l\u2019Informativa sui Cookie [L11], questo sito internet fa uso di Google Analytics, un servizio analitico di siti prestato da Google, Inc., una societ\u00e0 del Delaware la cui sede principale si trova in 1600 Amphitheatre Parkway, Mountain View (California), CA 94043, Stati Uniti (\u201cGoogle\u201d). Google Analytics utilizza i \u201ccookie\u201d, che sono file di testo presenti nel computer dell\u2019utente per aiutare il sito internet ad analizzare l\u2019uso che gli utenti ne fanno. Le informazioni generate dai cookie in merito all\u2019uso del sito internet (compreso l\u2019indirizzo IP dell\u2019utente) saranno trasmesse e archiviate direttamente da Google nei server degli Stati Uniti. Google user\u00e0 queste informazioni per nostro conto con il proposito di tracciare l\u2019uso del sito, raccogliendo relazioni sull\u2019attivit\u00e0 del sito e prestando atri servizi relativi all\u2019attivit\u00e0 del sito e all\u2019uso di internet. Google potr\u00e0 trasmettere tali informazioni a terzi se cos\u00ec richiesto dalla legislazione, o se tali terzi elaborano le informazioni per conto di Google. Google non assocer\u00e0 l\u2019indirizzo IP dell\u2019utente con nessun altro dato in possesso di Google. \u00c8 possibile rifiutare il trattamento dei dati o le informazioni non accettando l\u2019uso dei cookie mediante la selezione dell\u2019appropriata impostazione del browser, tuttavia c\u2019\u00e8 da sapere che se si decide di applicare questa opzione, le funzioni di questo sito internet possono non essere completamente disponibili. Nell\u2019utilizzare questo sito l\u2019utente acconsente al trattamento delle sue informazioni da parte di Google nei modi e ai fini sopra indicati.<\/p>\n<p>&nbsp;<\/p>\n<h3><strong>15. Come proteggiamo il nostro sito in quanto alla propriet\u00e0 intellettuale e\/o industriale?<\/strong><\/h3>\n<p>Tutti i contenuti del sito sono protetti dai diritti di propriet\u00e0 intellettuale. A titolo informativo, ma senza limitarsi ad esso, il disegno grafico, il codice fonte (eccetto loghi, testi, grafici, illustrazioni, fotografie, codici di linguaggio, software e altri elementi presenti sul sito). Pertanto, l\u2019utente riconosce che la riproduzione, distribuzione, commercializzazione, trasformazione e in generale qualunque forma di utilizzo mediante qualunque procedimento, di tutto o parte dei contenuti di questo sito costituisce una violazione dei diritti di propriet\u00e0 intellettuale e\/o industriale di NEWDOCK o del titolare degli stessi.<\/p>\n<p>I marchi o segni distintivi di qualunque genere contenuti nel sito sono altres\u00ec protetti dalla legge.<\/p>\n<p>L\u2019utente non potr\u00e0 in alcun modo modificare o far uso di tale propriet\u00e0 intellettuale o industriale affinch\u00e9 la sua divulgazione comporti un pregiudizio per NEWDOCK, la quale richieder\u00e0 i pregiudizi e danni derivanti dall\u2019uso indebito da parte di terzi della sua propriet\u00e0 industriale e intellettuale.<\/p>\n<p>NEWDOCK non concede alcuna licenza o autorizzazione d\u2019uso di alcun genere sui suoi diritti di propriet\u00e0 industriale e\/o intellettuale o di qualunque altra propriet\u00e0 o diritto relativo al sito, ai servizi o ai contenuti.<\/p>\n<p>&nbsp;<\/p>\n<h3><strong>16. Quali informazioni automatiche raccogliamo nell\u2019usare il presente sito?<\/strong><\/h3>\n<p>Questi sono alcuni esempi delle informazioni che raccogliamo e analizziamo. L\u2019indirizzo IP di Internet che l\u2019utente usa per collegarsi a Internet con il proprio computer, le informazioni sul suo computer e la sua connessione a Internet, la versione e il tipo di browser; la sua configurazione di zona oraria, i tipi e le versioni della connessione del suo browser, il sistema operativo e la piattaforma che utilizza, la \u201ccronologia delle visite\u201d di siti internet (URL) da, attraverso e verso il nostro sito internet (compresa la data e l\u2019ora), il numero di cookie, qualunque numero di telefono che ha utilizzato per chiamare il nostro servizio di assistenza al cliente. Possiamo anche utilizzare dati del browser quali cookie, flash cookie (chiamate anche Oggetti Locali Condivisi), o dati simili in certi posti del nostro sito internet per prevenire la frode, tra le altre cose. Nel corso delle visite del sito internet possiamo usare strumenti di software per misurare e raccogliere le informazioni della sessione, compresi i tempi di risposta del sito, errori di download, durata delle visite in certe pagine, informazioni sull\u2019interazione con il sito (clic di mouse, scorrimento sul sito o numero di volte che passa il mouse su determinati item) e modi di uscire dal sito internet. Inoltre potremo anche ricavare informazioni tecniche che ci aiutano a identificare il suo dispositivo per scopi di analisi diagnostica e prevenzione della frode.<\/p>\n<p>&nbsp;<\/p>\n<h3><strong>17. Come rivolgersi a NEWDOCK?<\/strong><\/h3>\n<p>Per eventuali dubbi dell\u2019utente in merito alla privacy di NEWDOCK, lo preghiamo di inviarci un\u2019e-mail a lopd@newdock.com, specificando i motivi della sua consultazione e noi cercheremo di risolverla.<\/p>\n<p>&nbsp;<\/p>\n<h3><strong>18. Modifica dell\u2019informativa sulla privacy di NEWDOCK<\/strong><\/h3>\n<p>NEWDOCK potr\u00e0 modificare e aggiornare l\u2019Informativa sulla privacy qualora fosse necessario per indicare qualunque modifica nei modi in cui utilizziamo i dati degli utenti o i cambiamenti dei requisiti legali.\u00a0 Pertanto, l\u2019utente dovr\u00e0 verificare di essere al corrente della nostra Informativa sulla privacy, Informativa sui cookie e dei Termini e condizioni d\u2019uso per essere informato in ogni momento riguardo al contenuto raccolto tramite il sito, l\u2019uso che se ne fa e le circostanze nelle quali potrebbero essere rivelati a terzi. Qualunque modifica dell\u2019informativa sulla privacy dei dati si applicher\u00e0 a partire dalla data in cui sar\u00e0 pubblicata sul nostro sito.<\/p>\n<p>Fermo restando quanto stabilito nel paragrafo precedente, saranno notificate le modifiche che potranno influire sul rapporto commerciale tra le parti.<\/p>\n","protected":false},"excerpt":{"rendered":"<p>1. Qual \u00e8 l\u2019ambito di applicazione della presente informativa? NEWDOCK LP, S.L.U.\u00a0 (d\u2019ora in avanti, \u00abNEWDOCK\u00bb) si impegna a tutelare la privacy dei suoi clienti e degli utenti che accedono al nostro sito internet (d\u2019ora in avanti, il sito). I contenuti del sito sono di propriet\u00e0 o sono operati, autorizzati o controllati da NEWDOCK. L\u2019utilizzo&#8230;  <a href=\"https:\/\/www.newdock.com\/it\/informativa-sulla-privacy\/\" title=\"Leer Informativa sulla privacy\">Leer m\u00e1s &raquo;<\/a><\/p>\n","protected":false},"author":1,"featured_media":0,"parent":0,"menu_order":12,"comment_status":"closed","ping_status":"closed","template":"","meta":{"_acf_changed":false,"footnotes":""},"class_list":["post-1565","page","type-page","status-publish","hentry"],"acf":[],"yoast_head":"<!-- This site is optimized with the Yoast SEO plugin v27.3 - https:\/\/yoast.com\/product\/yoast-seo-wordpress\/ -->\n<title>Informativa sulla privacy - Newdock<\/title>\n<meta name=\"robots\" content=\"noindex, follow\" \/>\n<meta property=\"og:locale\" content=\"it_IT\" \/>\n<meta property=\"og:type\" content=\"article\" \/>\n<meta property=\"og:title\" content=\"Informativa sulla privacy - Newdock\" \/>\n<meta property=\"og:description\" content=\"1. Qual \u00e8 l\u2019ambito di applicazione della presente informativa? NEWDOCK LP, S.L.U.\u00a0 (d\u2019ora in avanti, \u00abNEWDOCK\u00bb) si impegna a tutelare la privacy dei suoi clienti e degli utenti che accedono al nostro sito internet (d\u2019ora in avanti, il sito). I contenuti del sito sono di propriet\u00e0 o sono operati, autorizzati o controllati da NEWDOCK. L\u2019utilizzo... Leer m\u00e1s &raquo;\" \/>\n<meta property=\"og:url\" content=\"https:\/\/www.newdock.com\/it\/informativa-sulla-privacy\/\" \/>\n<meta property=\"og:site_name\" content=\"Newdock\" \/>\n<meta property=\"article:modified_time\" content=\"2024-07-05T10:59:15+00:00\" \/>\n<meta name=\"twitter:card\" content=\"summary_large_image\" \/>\n<meta name=\"twitter:label1\" content=\"Tempo di lettura stimato\" \/>\n\t<meta name=\"twitter:data1\" content=\"12 minuti\" \/>\n<script type=\"application\/ld+json\" class=\"yoast-schema-graph\">{\"@context\":\"https:\\\/\\\/schema.org\",\"@graph\":[{\"@type\":\"WebPage\",\"@id\":\"https:\\\/\\\/www.newdock.com\\\/it\\\/informativa-sulla-privacy\\\/\",\"url\":\"https:\\\/\\\/www.newdock.com\\\/it\\\/informativa-sulla-privacy\\\/\",\"name\":\"Informativa sulla privacy - Newdock\",\"isPartOf\":{\"@id\":\"https:\\\/\\\/www.newdock.com\\\/it\\\/#website\"},\"datePublished\":\"2021-04-27T10:09:50+00:00\",\"dateModified\":\"2024-07-05T10:59:15+00:00\",\"inLanguage\":\"it-IT\",\"potentialAction\":[{\"@type\":\"ReadAction\",\"target\":[\"https:\\\/\\\/www.newdock.com\\\/it\\\/informativa-sulla-privacy\\\/\"]}]},{\"@type\":\"WebSite\",\"@id\":\"https:\\\/\\\/www.newdock.com\\\/it\\\/#website\",\"url\":\"https:\\\/\\\/www.newdock.com\\\/it\\\/\",\"name\":\"Newdock\",\"description\":\"\",\"potentialAction\":[{\"@type\":\"SearchAction\",\"target\":{\"@type\":\"EntryPoint\",\"urlTemplate\":\"https:\\\/\\\/www.newdock.com\\\/it\\\/?s={search_term_string}\"},\"query-input\":{\"@type\":\"PropertyValueSpecification\",\"valueRequired\":true,\"valueName\":\"search_term_string\"}}],\"inLanguage\":\"it-IT\"}]}<\/script>\n<!-- \/ Yoast SEO plugin. -->","yoast_head_json":{"title":"Informativa sulla privacy - Newdock","robots":{"index":"noindex","follow":"follow"},"og_locale":"it_IT","og_type":"article","og_title":"Informativa sulla privacy - Newdock","og_description":"1. Qual \u00e8 l\u2019ambito di applicazione della presente informativa? NEWDOCK LP, S.L.U.\u00a0 (d\u2019ora in avanti, \u00abNEWDOCK\u00bb) si impegna a tutelare la privacy dei suoi clienti e degli utenti che accedono al nostro sito internet (d\u2019ora in avanti, il sito). I contenuti del sito sono di propriet\u00e0 o sono operati, autorizzati o controllati da NEWDOCK. L\u2019utilizzo... Leer m\u00e1s &raquo;","og_url":"https:\/\/www.newdock.com\/it\/informativa-sulla-privacy\/","og_site_name":"Newdock","article_modified_time":"2024-07-05T10:59:15+00:00","twitter_card":"summary_large_image","twitter_misc":{"Tempo di lettura stimato":"12 minuti"},"schema":{"@context":"https:\/\/schema.org","@graph":[{"@type":"WebPage","@id":"https:\/\/www.newdock.com\/it\/informativa-sulla-privacy\/","url":"https:\/\/www.newdock.com\/it\/informativa-sulla-privacy\/","name":"Informativa sulla privacy - Newdock","isPartOf":{"@id":"https:\/\/www.newdock.com\/it\/#website"},"datePublished":"2021-04-27T10:09:50+00:00","dateModified":"2024-07-05T10:59:15+00:00","inLanguage":"it-IT","potentialAction":[{"@type":"ReadAction","target":["https:\/\/www.newdock.com\/it\/informativa-sulla-privacy\/"]}]},{"@type":"WebSite","@id":"https:\/\/www.newdock.com\/it\/#website","url":"https:\/\/www.newdock.com\/it\/","name":"Newdock","description":"","potentialAction":[{"@type":"SearchAction","target":{"@type":"EntryPoint","urlTemplate":"https:\/\/www.newdock.com\/it\/?s={search_term_string}"},"query-input":{"@type":"PropertyValueSpecification","valueRequired":true,"valueName":"search_term_string"}}],"inLanguage":"it-IT"}]}},"_links":{"self":[{"href":"https:\/\/www.newdock.com\/it\/wp-json\/wp\/v2\/pages\/1565","targetHints":{"allow":["GET"]}}],"collection":[{"href":"https:\/\/www.newdock.com\/it\/wp-json\/wp\/v2\/pages"}],"about":[{"href":"https:\/\/www.newdock.com\/it\/wp-json\/wp\/v2\/types\/page"}],"author":[{"embeddable":true,"href":"https:\/\/www.newdock.com\/it\/wp-json\/wp\/v2\/users\/1"}],"replies":[{"embeddable":true,"href":"https:\/\/www.newdock.com\/it\/wp-json\/wp\/v2\/comments?post=1565"}],"version-history":[{"count":5,"href":"https:\/\/www.newdock.com\/it\/wp-json\/wp\/v2\/pages\/1565\/revisions"}],"predecessor-version":[{"id":2525,"href":"https:\/\/www.newdock.com\/it\/wp-json\/wp\/v2\/pages\/1565\/revisions\/2525"}],"wp:attachment":[{"href":"https:\/\/www.newdock.com\/it\/wp-json\/wp\/v2\/media?parent=1565"}],"curies":[{"name":"wp","href":"https:\/\/api.w.org\/{rel}","templated":true}]}}